{"id":1880,"date":"2023-04-18T12:03:03","date_gmt":"2023-04-18T10:03:03","guid":{"rendered":"https:\/\/ingenieriadeservicios.es\/?page_id=1880"},"modified":"2023-07-10T10:36:01","modified_gmt":"2023-07-10T08:36:01","slug":"lineas-de-investigacion","status":"publish","type":"page","link":"https:\/\/ingenieriadeservicios.es\/index.php\/lineas-de-investigacion\/","title":{"rendered":"L\u00edneas de investigaci\u00f3n"},"content":{"rendered":"\t\t<div data-elementor-type=\"wp-page\" data-elementor-id=\"1880\" class=\"elementor elementor-1880\" data-elementor-post-type=\"page\">\n\t\t\t\t<div class=\"elementor-element elementor-element-53286cfd e-flex e-con-boxed e-con e-parent\" data-id=\"53286cfd\" data-element_type=\"container\" data-e-type=\"container\" data-settings=\"{&quot;background_background&quot;:&quot;gradient&quot;}\">\n\t\t\t\t\t<div class=\"e-con-inner\">\n\t\t\t\t<div class=\"elementor-element elementor-element-2c65eece elementor-widget elementor-widget-heading\" data-id=\"2c65eece\" data-element_type=\"widget\" data-e-type=\"widget\" data-widget_type=\"heading.default\">\n\t\t\t\t<div class=\"elementor-widget-container\">\n\t\t\t\t\t<h2 class=\"elementor-heading-title elementor-size-default\">L\u00edneas de <strong>investigaci\u00f3n<\/strong><\/h2>\t\t\t\t<\/div>\n\t\t\t\t<\/div>\n\t\t\t\t\t<\/div>\n\t\t\t\t<\/div>\n\t\t<div class=\"elementor-element elementor-element-41195f2 e-flex e-con-boxed e-con e-parent\" data-id=\"41195f2\" data-element_type=\"container\" data-e-type=\"container\">\n\t\t\t\t\t<div class=\"e-con-inner\">\n\t\t<div class=\"elementor-element elementor-element-5164ae1 e-con-full e-flex e-con e-parent\" data-id=\"5164ae1\" data-element_type=\"container\" data-e-type=\"container\">\n\t\t\t\t<div class=\"elementor-element elementor-element-b447bbb elementor-widget elementor-widget-heading\" data-id=\"b447bbb\" data-element_type=\"widget\" data-e-type=\"widget\" data-widget_type=\"heading.default\">\n\t\t\t\t<div class=\"elementor-widget-container\">\n\t\t\t\t\t<h2 class=\"elementor-heading-title elementor-size-default\">CREAMOS <strong>CONOCIMIENTO<\/strong><\/h2>\t\t\t\t<\/div>\n\t\t\t\t<\/div>\n\t\t\t\t<div class=\"elementor-element elementor-element-2783c07 elementor-widget elementor-widget-text-editor\" data-id=\"2783c07\" data-element_type=\"widget\" data-e-type=\"widget\" data-widget_type=\"text-editor.default\">\n\t\t\t\t<div class=\"elementor-widget-container\">\n\t\t\t\t\t\t\t\t\t<div class=\"wpb_text_column wpb_content_element big\"><div class=\"wpb_wrapper\"><strong>Trabajamos en dos tipos de proyectos:<\/strong><ul style=\"list-style-image: url('\/wp-content\/uploads\/2023\/07\/ico-check-copia.png');\"><li><strong style=\"font-size: 16px;\">Investigaci\u00f3n con empresas y administraci\u00f3n p\u00fablica<\/strong><span style=\"font-size: 16px;\">: colaboramos en la b\u00fasqueda de soluciones para el \u00e1mbito de los servicios.<\/span><\/li><li><strong>Investigaci\u00f3n b\u00e1sica<\/strong>: mediante proyectos de investigaci\u00f3n financiados por organismos p\u00fablicos o privados, trabajamos en la creaci\u00f3n y definici\u00f3n de los principios te\u00f3rico-pr\u00e1cticos que rigen el comportamiento de los servicios en todos los niveles del ciclo de vida<\/li><\/ul><\/div><div class=\"wpb_wrapper\"><strong>En varios equipos:<\/strong><\/div><div>Grupo de Investigaci\u00f3n Kybele: <a href=\"https:\/\/www.kybele.es\/\">http:\/\/www.kybele.es\/<\/a><\/div><div>Equipo Research IFMA: <a href=\"https:\/\/www.Ifma-spain.org\">www.Ifma-spain.org<\/a><\/div><\/div>\t\t\t\t\t\t\t\t<\/div>\n\t\t\t\t<\/div>\n\t\t\t\t<\/div>\n\t\t<div class=\"elementor-element elementor-element-068cd82 e-con-full e-flex e-con e-parent\" data-id=\"068cd82\" data-element_type=\"container\" data-e-type=\"container\">\n\t\t\t\t<div class=\"elementor-element elementor-element-fe230ea elementor-widget elementor-widget-image\" data-id=\"fe230ea\" data-element_type=\"widget\" data-e-type=\"widget\" data-widget_type=\"image.default\">\n\t\t\t\t<div class=\"elementor-widget-container\">\n\t\t\t\t\t\t\t\t\t\t\t\t\t\t\t<img fetchpriority=\"high\" decoding=\"async\" width=\"834\" height=\"473\" src=\"https:\/\/ingenieriadeservicios.es\/wp-content\/uploads\/2018\/09\/img-conocimiento-1.jpg\" class=\"attachment-large size-large wp-image-298\" alt=\"Conocimiento e investigaci\u00f3n\" srcset=\"https:\/\/ingenieriadeservicios.es\/wp-content\/uploads\/2018\/09\/img-conocimiento-1.jpg 834w, https:\/\/ingenieriadeservicios.es\/wp-content\/uploads\/2018\/09\/img-conocimiento-1-300x170.jpg 300w, https:\/\/ingenieriadeservicios.es\/wp-content\/uploads\/2018\/09\/img-conocimiento-1-768x436.jpg 768w\" sizes=\"(max-width: 834px) 100vw, 834px\" \/>\t\t\t\t\t\t\t\t\t\t\t\t\t\t\t<\/div>\n\t\t\t\t<\/div>\n\t\t\t\t<\/div>\n\t\t\t\t\t<\/div>\n\t\t\t\t<\/div>\n\t\t<div class=\"elementor-element elementor-element-3973c79 elementor-hidden-mobile e-flex e-con-boxed e-con e-parent\" data-id=\"3973c79\" data-element_type=\"container\" data-e-type=\"container\" data-settings=\"{&quot;background_background&quot;:&quot;classic&quot;}\">\n\t\t\t\t\t<div class=\"e-con-inner\">\n\t\t\t\t<div class=\"elementor-element elementor-element-4399646 elementor-widget elementor-widget-heading\" data-id=\"4399646\" data-element_type=\"widget\" data-e-type=\"widget\" data-widget_type=\"heading.default\">\n\t\t\t\t<div class=\"elementor-widget-container\">\n\t\t\t\t\t<h2 class=\"elementor-heading-title elementor-size-default\">\u00bfQU\u00c9 VALOR APORTAMOS <strong>DESDE NUESTRA INVESTIGACI\u00d3N<\/strong>?<\/h2>\t\t\t\t<\/div>\n\t\t\t\t<\/div>\n\t\t\t\t<div class=\"elementor-element elementor-element-0ec7564 elementor-widget elementor-widget-text-editor\" data-id=\"0ec7564\" data-element_type=\"widget\" data-e-type=\"widget\" data-widget_type=\"text-editor.default\">\n\t\t\t\t<div class=\"elementor-widget-container\">\n\t\t\t\t\t\t\t\t\t<ul>\n<li>\n<p><strong>Asistimos en el estudio y la definici\u00f3n de est\u00e1ndares<\/strong> para el \u00e1mbito de los servicios.<\/p>\n<\/li>\n<\/ul>\n<ul>\n<li><strong>Ayudamos a las empresas en la creaci\u00f3n y dise\u00f1o de servicios<\/strong>&nbsp;proporcionado metodolog\u00edas, procesos, artefactos que faciliten y mejoren su trabajo.<\/li>\n<\/ul>\n<ul>\n<li><strong>Facilitamos la transformaci\u00f3n digital<\/strong> en entornos de servicios proporcionando herramientas para la integraci\u00f3n de TIs en las empresas.&nbsp;<\/li>\n<\/ul>\n<ul>\n<li><strong>Mejoramos la experiencia de los usuarios<\/strong> a trav\u00e9s de la reorientaci\u00f3n o replanteamiento de las empresas (estrategia, objetivos, funciones) hacia un pensamiento y enfoque de servicios en sus organizaciones.<\/li>\n<\/ul>\n<ul>\n<li><strong>Agilizamos<\/strong>&nbsp;la creaci\u00f3n, construcci\u00f3n y el despliegue de servicios en las organizaciones proporcionando herramientas\/t\u00e9cnica para todo el ciclo de vida de los servicios.<\/li>\n<\/ul>\t\t\t\t\t\t\t\t<\/div>\n\t\t\t\t<\/div>\n\t\t\t\t\t<\/div>\n\t\t\t\t<\/div>\n\t\t<div class=\"elementor-element elementor-element-ba78307 e-flex e-con-boxed e-con e-parent\" data-id=\"ba78307\" data-element_type=\"container\" data-e-type=\"container\">\n\t\t\t\t\t<div class=\"e-con-inner\">\n\t\t\t\t<div class=\"elementor-element elementor-element-5951e13 elementor-widget elementor-widget-heading\" data-id=\"5951e13\" data-element_type=\"widget\" data-e-type=\"widget\" data-widget_type=\"heading.default\">\n\t\t\t\t<div class=\"elementor-widget-container\">\n\t\t\t\t\t<h2 class=\"elementor-heading-title elementor-size-default\">EQUIPOS DE INVESTIGACI\u00d3N<\/h2>\t\t\t\t<\/div>\n\t\t\t\t<\/div>\n\t\t\t\t\t<\/div>\n\t\t\t\t<\/div>\n\t\t<div class=\"elementor-element elementor-element-b57908a e-flex e-con-boxed e-con e-parent\" data-id=\"b57908a\" data-element_type=\"container\" data-e-type=\"container\">\n\t\t\t\t\t<div class=\"e-con-inner\">\n\t\t<div class=\"elementor-element elementor-element-7af5232 e-con-full e-flex e-con e-parent\" data-id=\"7af5232\" data-element_type=\"container\" data-e-type=\"container\">\n\t\t\t\t<div class=\"elementor-element elementor-element-01fc6bd elementor-widget elementor-widget-image\" data-id=\"01fc6bd\" data-element_type=\"widget\" data-e-type=\"widget\" data-widget_type=\"image.default\">\n\t\t\t\t<div class=\"elementor-widget-container\">\n\t\t\t\t\t\t\t\t\t\t\t\t\t\t\t<img decoding=\"async\" width=\"300\" height=\"300\" src=\"https:\/\/ingenieriadeservicios.es\/wp-content\/uploads\/2023\/04\/Adaptados_Mesa-de-trabajo-1-04-300x300.png\" class=\"attachment-medium size-medium wp-image-1920\" alt=\"\" srcset=\"https:\/\/ingenieriadeservicios.es\/wp-content\/uploads\/2023\/04\/Adaptados_Mesa-de-trabajo-1-04-300x300.png 300w, https:\/\/ingenieriadeservicios.es\/wp-content\/uploads\/2023\/04\/Adaptados_Mesa-de-trabajo-1-04-150x150.png 150w, https:\/\/ingenieriadeservicios.es\/wp-content\/uploads\/2023\/04\/Adaptados_Mesa-de-trabajo-1-04.png 626w\" sizes=\"(max-width: 300px) 100vw, 300px\" \/>\t\t\t\t\t\t\t\t\t\t\t\t\t\t\t<\/div>\n\t\t\t\t<\/div>\n\t\t\t\t<\/div>\n\t\t<div class=\"elementor-element elementor-element-9470eab e-con-full e-flex e-con e-parent\" data-id=\"9470eab\" data-element_type=\"container\" data-e-type=\"container\">\n\t\t\t\t<div class=\"elementor-element elementor-element-930771b elementor-widget elementor-widget-heading\" data-id=\"930771b\" data-element_type=\"widget\" data-e-type=\"widget\" data-widget_type=\"heading.default\">\n\t\t\t\t<div class=\"elementor-widget-container\">\n\t\t\t\t\t<h2 class=\"elementor-heading-title elementor-size-default\">KYBELE<\/h2>\t\t\t\t<\/div>\n\t\t\t\t<\/div>\n\t\t\t\t<div class=\"elementor-element elementor-element-ada86f7 elementor-widget elementor-widget-text-editor\" data-id=\"ada86f7\" data-element_type=\"widget\" data-e-type=\"widget\" data-widget_type=\"text-editor.default\">\n\t\t\t\t<div class=\"elementor-widget-container\">\n\t\t\t\t\t\t\t\t\t<p>Grupo de investigaci\u00f3n de la Universidad Rey Juan Carlos especializado en el el estudio de ingenier\u00eda de servicios<\/p>\t\t\t\t\t\t\t\t<\/div>\n\t\t\t\t<\/div>\n\t\t\t\t<div class=\"elementor-element elementor-element-d9b699d elementor-align-center elementor-widget elementor-widget-button\" data-id=\"d9b699d\" data-element_type=\"widget\" data-e-type=\"widget\" data-widget_type=\"button.default\">\n\t\t\t\t<div class=\"elementor-widget-container\">\n\t\t\t\t\t\t\t\t\t<div class=\"elementor-button-wrapper\">\n\t\t\t\t\t<a class=\"elementor-button elementor-button-link elementor-size-sm\" href=\"http:\/\/www.kybele.es\/es\/\">\n\t\t\t\t\t\t<span class=\"elementor-button-content-wrapper\">\n\t\t\t\t\t\t\t\t\t<span class=\"elementor-button-text\">Ver m\u00e1s<\/span>\n\t\t\t\t\t<\/span>\n\t\t\t\t\t<\/a>\n\t\t\t\t<\/div>\n\t\t\t\t\t\t\t\t<\/div>\n\t\t\t\t<\/div>\n\t\t\t\t<\/div>\n\t\t\t\t\t<\/div>\n\t\t\t\t<\/div>\n\t\t\t\t<\/div>\n\t\t","protected":false},"excerpt":{"rendered":"<p>L\u00edneas de investigaci\u00f3n CREAMOS CONOCIMIENTO Trabajamos en dos tipos de proyectos: Investigaci\u00f3n con empresas y administraci\u00f3n p\u00fablica: colaboramos en la b\u00fasqueda de soluciones para el \u00e1mbito de los servicios. Investigaci\u00f3n b\u00e1sica: mediante proyectos de investigaci\u00f3n financiados por organismos p\u00fablicos o privados, trabajamos en la creaci\u00f3n y definici\u00f3n de los principios te\u00f3rico-pr\u00e1cticos que rigen el comportamiento [&hellip;]<\/p>\n","protected":false},"author":1,"featured_media":0,"parent":0,"menu_order":0,"comment_status":"closed","ping_status":"closed","template":"","meta":{"_eb_attr":"","site-sidebar-layout":"no-sidebar","site-content-layout":"page-builder","ast-site-content-layout":"default","site-content-style":"default","site-sidebar-style":"default","ast-global-header-display":"","ast-banner-title-visibility":"","ast-main-header-display":"","ast-hfb-above-header-display":"","ast-hfb-below-header-display":"","ast-hfb-mobile-header-display":"","site-post-title":"disabled","ast-breadcrumbs-content":"","ast-featured-img":"disabled","footer-sml-layout":"","ast-disable-related-posts":"","theme-transparent-header-meta":"","adv-header-id-meta":"","stick-header-meta":"","header-above-stick-meta":"","header-main-stick-meta":"","header-below-stick-meta":"","astra-migrate-meta-layouts":"default","ast-page-background-enabled":"default","ast-page-background-meta":{"desktop":{"background-color":"var(--ast-global-color-4)","background-image":"","background-repeat":"repeat","background-position":"center center","background-size":"auto","background-attachment":"scroll","background-type":"","background-media":"","overlay-type":"","overlay-color":"","overlay-opacity":"","overlay-gradient":""},"tablet":{"background-color":"","background-image":"","background-repeat":"repeat","background-position":"center center","background-size":"auto","background-attachment":"scroll","background-type":"","background-media":"","overlay-type":"","overlay-color":"","overlay-opacity":"","overlay-gradient":""},"mobile":{"background-color":"","background-image":"","background-repeat":"repeat","background-position":"center center","background-size":"auto","background-attachment":"scroll","background-type":"","background-media":"","overlay-type":"","overlay-color":"","overlay-opacity":"","overlay-gradient":""}},"ast-content-background-meta":{"desktop":{"background-color":"var(--ast-global-color-5)","background-image":"","background-repeat":"repeat","background-position":"center center","background-size":"auto","background-attachment":"scroll","background-type":"","background-media":"","overlay-type":"","overlay-color":"","overlay-opacity":"","overlay-gradient":""},"tablet":{"background-color":"var(--ast-global-color-5)","background-image":"","background-repeat":"repeat","background-position":"center center","background-size":"auto","background-attachment":"scroll","background-type":"","background-media":"","overlay-type":"","overlay-color":"","overlay-opacity":"","overlay-gradient":""},"mobile":{"background-color":"var(--ast-global-color-5)","background-image":"","background-repeat":"repeat","background-position":"center center","background-size":"auto","background-attachment":"scroll","background-type":"","background-media":"","overlay-type":"","overlay-color":"","overlay-opacity":"","overlay-gradient":""}},"footnotes":""},"class_list":["post-1880","page","type-page","status-publish","hentry"],"_links":{"self":[{"href":"https:\/\/ingenieriadeservicios.es\/index.php\/wp-json\/wp\/v2\/pages\/1880","targetHints":{"allow":["GET"]}}],"collection":[{"href":"https:\/\/ingenieriadeservicios.es\/index.php\/wp-json\/wp\/v2\/pages"}],"about":[{"href":"https:\/\/ingenieriadeservicios.es\/index.php\/wp-json\/wp\/v2\/types\/page"}],"author":[{"embeddable":true,"href":"https:\/\/ingenieriadeservicios.es\/index.php\/wp-json\/wp\/v2\/users\/1"}],"replies":[{"embeddable":true,"href":"https:\/\/ingenieriadeservicios.es\/index.php\/wp-json\/wp\/v2\/comments?post=1880"}],"version-history":[{"count":103,"href":"https:\/\/ingenieriadeservicios.es\/index.php\/wp-json\/wp\/v2\/pages\/1880\/revisions"}],"predecessor-version":[{"id":3040,"href":"https:\/\/ingenieriadeservicios.es\/index.php\/wp-json\/wp\/v2\/pages\/1880\/revisions\/3040"}],"wp:attachment":[{"href":"https:\/\/ingenieriadeservicios.es\/index.php\/wp-json\/wp\/v2\/media?parent=1880"}],"curies":[{"name":"wp","href":"https:\/\/api.w.org\/{rel}","templated":true}]}}