{"id":1571,"date":"2023-04-17T10:35:20","date_gmt":"2023-04-17T08:35:20","guid":{"rendered":"https:\/\/ingenieriadeservicios.es\/?page_id=1571"},"modified":"2023-07-10T10:32:42","modified_gmt":"2023-07-10T08:32:42","slug":"que-es-ingenieria-de-servicios","status":"publish","type":"page","link":"https:\/\/ingenieriadeservicios.es\/index.php\/que-es-ingenieria-de-servicios\/","title":{"rendered":"\u00bfQu\u00e9 es Ingenier\u00eda de Servicios?"},"content":{"rendered":"\t\t<div data-elementor-type=\"wp-page\" data-elementor-id=\"1571\" class=\"elementor elementor-1571\" data-elementor-post-type=\"page\">\n\t\t\t\t<div class=\"elementor-element elementor-element-3558ca45 e-flex e-con-boxed e-con e-parent\" data-id=\"3558ca45\" data-element_type=\"container\" data-e-type=\"container\" data-settings=\"{&quot;background_background&quot;:&quot;gradient&quot;}\">\n\t\t\t\t\t<div class=\"e-con-inner\">\n\t\t\t\t<div class=\"elementor-element elementor-element-7066926b elementor-widget elementor-widget-heading\" data-id=\"7066926b\" data-element_type=\"widget\" data-e-type=\"widget\" data-widget_type=\"heading.default\">\n\t\t\t\t<div class=\"elementor-widget-container\">\n\t\t\t\t\t<h2 class=\"elementor-heading-title elementor-size-default\">\u00bf<strong>Qu\u00e9 es<\/strong> la ingenier\u00eda de servicios?<\/h2>\t\t\t\t<\/div>\n\t\t\t\t<\/div>\n\t\t\t\t\t<\/div>\n\t\t\t\t<\/div>\n\t\t<div class=\"elementor-element elementor-element-839989f e-flex e-con-boxed e-con e-parent\" data-id=\"839989f\" data-element_type=\"container\" data-e-type=\"container\">\n\t\t\t\t\t<div class=\"e-con-inner\">\n\t\t<div class=\"elementor-element elementor-element-920acd4 e-con-full e-flex e-con e-parent\" data-id=\"920acd4\" data-element_type=\"container\" data-e-type=\"container\">\n\t\t\t\t<div class=\"elementor-element elementor-element-bc30baf elementor-widget elementor-widget-image\" data-id=\"bc30baf\" data-element_type=\"widget\" data-e-type=\"widget\" data-widget_type=\"image.default\">\n\t\t\t\t<div class=\"elementor-widget-container\">\n\t\t\t\t\t\t\t\t\t\t\t\t\t\t\t<img fetchpriority=\"high\" decoding=\"async\" width=\"651\" height=\"448\" src=\"https:\/\/ingenieriadeservicios.es\/wp-content\/uploads\/2018\/09\/img-ingenieria-de-servicios-1.jpg\" class=\"attachment-medium_large size-medium_large wp-image-190\" alt=\"\u00bfQu\u00e9 es la Ingenier\u00eda de Servicios?\" srcset=\"https:\/\/ingenieriadeservicios.es\/wp-content\/uploads\/2018\/09\/img-ingenieria-de-servicios-1.jpg 651w, https:\/\/ingenieriadeservicios.es\/wp-content\/uploads\/2018\/09\/img-ingenieria-de-servicios-1-300x206.jpg 300w\" sizes=\"(max-width: 651px) 100vw, 651px\" \/>\t\t\t\t\t\t\t\t\t\t\t\t\t\t\t<\/div>\n\t\t\t\t<\/div>\n\t\t\t\t<\/div>\n\t\t<div class=\"elementor-element elementor-element-f2ed4bc e-con-full e-flex e-con e-parent\" data-id=\"f2ed4bc\" data-element_type=\"container\" data-e-type=\"container\" data-settings=\"{&quot;background_background&quot;:&quot;classic&quot;}\">\n\t\t\t\t<div class=\"elementor-element elementor-element-b9c2175 elementor-hidden-mobile elementor-widget elementor-widget-text-editor\" data-id=\"b9c2175\" data-element_type=\"widget\" data-e-type=\"widget\" data-widget_type=\"text-editor.default\">\n\t\t\t\t<div class=\"elementor-widget-container\">\n\t\t\t\t\t\t\t\t\t<p style=\"box-sizing: inherit; margin-bottom: 1.5rem; font-size: 16px; color: #1f1f1f; font-family: Lato, sans-serif; font-style: normal; font-weight: 400;\">La<strong> Ingenier\u00eda de Servicios<\/strong> es la ingenier\u00eda de la industria 4.0, una industria <strong>digital<\/strong>, <strong>inteligente<\/strong> y <strong>basada<\/strong> principalmente en <strong>servicios<\/strong>, donde la satisfacci\u00f3n del usuario es un valor <strong>clave y distintivo<\/strong>.<\/p><p style=\"box-sizing: inherit; margin-bottom: 1.5rem; font-size: 16px; color: #1f1f1f; font-family: Lato, sans-serif; font-style: normal; font-weight: 400;\">La Ingenier\u00eda de Servicios se centra en la <strong>concepci\u00f3n, dise\u00f1o, construcci\u00f3n, operaci\u00f3n, mantenimiento y gesti\u00f3n de servicios<\/strong> durante todo su ciclo de vida: desde la concepci\u00f3n hasta la postventa.<\/p>\t\t\t\t\t\t\t\t<\/div>\n\t\t\t\t<\/div>\n\t\t\t\t<\/div>\n\t\t\t\t\t<\/div>\n\t\t\t\t<\/div>\n\t\t<div class=\"elementor-element elementor-element-3744ada e-flex e-con-boxed e-con e-parent\" data-id=\"3744ada\" data-element_type=\"container\" data-e-type=\"container\">\n\t\t\t\t\t<div class=\"e-con-inner\">\n\t\t\t\t<div class=\"elementor-element elementor-element-9f23d13 elementor-widget elementor-widget-heading\" data-id=\"9f23d13\" data-element_type=\"widget\" data-e-type=\"widget\" data-widget_type=\"heading.default\">\n\t\t\t\t<div class=\"elementor-widget-container\">\n\t\t\t\t\t<h2 class=\"elementor-heading-title elementor-size-default\"><strong>EMPLEABILIDAD<\/strong> EN EL SECTOR SERVICIOS<\/h2>\t\t\t\t<\/div>\n\t\t\t\t<\/div>\n\t\t\t\t\t<\/div>\n\t\t\t\t<\/div>\n\t\t<div class=\"elementor-element elementor-element-5d8bc75 e-flex e-con-boxed e-con e-parent\" data-id=\"5d8bc75\" data-element_type=\"container\" data-e-type=\"container\">\n\t\t\t\t\t<div class=\"e-con-inner\">\n\t\t<div class=\"elementor-element elementor-element-250c335 e-con-full e-flex e-con e-parent\" data-id=\"250c335\" data-element_type=\"container\" data-e-type=\"container\">\n\t\t\t\t<div class=\"elementor-element elementor-element-514e72f elementor-widget elementor-widget-progress\" data-id=\"514e72f\" data-element_type=\"widget\" data-e-type=\"widget\" data-widget_type=\"progress.default\">\n\t\t\t\t<div class=\"elementor-widget-container\">\n\t\t\t\t\t\n\t\t<div class=\"elementor-progress-wrapper\" role=\"progressbar\" aria-valuemin=\"0\" aria-valuemax=\"100\" aria-valuenow=\"68\">\n\t\t\t<div class=\"elementor-progress-bar\" data-max=\"68\">\n\t\t\t\t<span class=\"elementor-progress-text\"><\/span>\n\t\t\t\t\t\t\t\t\t<span class=\"elementor-progress-percentage\">68%<\/span>\n\t\t\t\t\t\t\t<\/div>\n\t\t<\/div>\n\t\t\t\t\t\t<\/div>\n\t\t\t\t<\/div>\n\t\t\t\t<div class=\"elementor-element elementor-element-0d0a72a elementor-widget elementor-widget-text-editor\" data-id=\"0d0a72a\" data-element_type=\"widget\" data-e-type=\"widget\" data-widget_type=\"text-editor.default\">\n\t\t\t\t<div class=\"elementor-widget-container\">\n\t\t\t\t\t\t\t\t\t<p style=\"text-align: center;\">El sector servicios ha acaparado en promedio en los \u00faltimos a\u00f1os en torno a\u00a0<span class=\"big\">un <strong>63% del empleo de la poblaci\u00f3n<\/strong> <\/span>en la econom\u00eda mundial.<\/p>\t\t\t\t\t\t\t\t<\/div>\n\t\t\t\t<\/div>\n\t\t\t\t<\/div>\n\t\t<div class=\"elementor-element elementor-element-fde34d0 e-con-full e-flex e-con e-parent\" data-id=\"fde34d0\" data-element_type=\"container\" data-e-type=\"container\">\n\t\t\t\t<div class=\"elementor-element elementor-element-8b62ce4 elementor-widget elementor-widget-progress\" data-id=\"8b62ce4\" data-element_type=\"widget\" data-e-type=\"widget\" data-widget_type=\"progress.default\">\n\t\t\t\t<div class=\"elementor-widget-container\">\n\t\t\t\t\t\n\t\t<div class=\"elementor-progress-wrapper\" role=\"progressbar\" aria-valuemin=\"0\" aria-valuemax=\"100\" aria-valuenow=\"80\">\n\t\t\t<div class=\"elementor-progress-bar\" data-max=\"80\">\n\t\t\t\t<span class=\"elementor-progress-text\"><\/span>\n\t\t\t\t\t\t\t\t\t<span class=\"elementor-progress-percentage\">80%<\/span>\n\t\t\t\t\t\t\t<\/div>\n\t\t<\/div>\n\t\t\t\t\t\t<\/div>\n\t\t\t\t<\/div>\n\t\t\t\t<div class=\"elementor-element elementor-element-4a02c30 elementor-widget elementor-widget-text-editor\" data-id=\"4a02c30\" data-element_type=\"widget\" data-e-type=\"widget\" data-widget_type=\"text-editor.default\">\n\t\t\t\t<div class=\"elementor-widget-container\">\n\t\t\t\t\t\t\t\t\t<p style=\"text-align: center;\">En territorios como Hong Kong, Saudi Arabia, United States o United Kingdom alcanzan\u00a0<span class=\"big\">hasta el <strong>80% del empleo global<\/strong><\/span><\/p>\t\t\t\t\t\t\t\t<\/div>\n\t\t\t\t<\/div>\n\t\t\t\t<\/div>\n\t\t<div class=\"elementor-element elementor-element-b457eed e-con-full e-flex e-con e-parent\" data-id=\"b457eed\" data-element_type=\"container\" data-e-type=\"container\">\n\t\t\t\t<div class=\"elementor-element elementor-element-c5411de elementor-widget elementor-widget-progress\" data-id=\"c5411de\" data-element_type=\"widget\" data-e-type=\"widget\" data-widget_type=\"progress.default\">\n\t\t\t\t<div class=\"elementor-widget-container\">\n\t\t\t\t\t\n\t\t<div class=\"elementor-progress-wrapper\" role=\"progressbar\" aria-valuemin=\"0\" aria-valuemax=\"100\" aria-valuenow=\"65\">\n\t\t\t<div class=\"elementor-progress-bar\" data-max=\"65\">\n\t\t\t\t<span class=\"elementor-progress-text\"><\/span>\n\t\t\t\t\t\t\t\t\t<span class=\"elementor-progress-percentage\">65%<\/span>\n\t\t\t\t\t\t\t<\/div>\n\t\t<\/div>\n\t\t\t\t\t\t<\/div>\n\t\t\t\t<\/div>\n\t\t\t\t<div class=\"elementor-element elementor-element-c5d25e5 elementor-widget elementor-widget-text-editor\" data-id=\"c5d25e5\" data-element_type=\"widget\" data-e-type=\"widget\" data-widget_type=\"text-editor.default\">\n\t\t\t\t<div class=\"elementor-widget-container\">\n\t\t\t\t\t\t\t\t\t<p style=\"text-align: center;\">Ya desde el a\u00f1o 2000 estaba contratada en el sector servicios\u00a0<strong><span class=\"big\">un 65% de la poblaci\u00f3n espa\u00f1ola<\/span><\/strong><\/p>\t\t\t\t\t\t\t\t<\/div>\n\t\t\t\t<\/div>\n\t\t\t\t<\/div>\n\t\t\t\t\t<\/div>\n\t\t\t\t<\/div>\n\t\t\t\t<\/div>\n\t\t","protected":false},"excerpt":{"rendered":"<p>\u00bfQu\u00e9 es la ingenier\u00eda de servicios? La Ingenier\u00eda de Servicios es la ingenier\u00eda de la industria 4.0, una industria digital, inteligente y basada principalmente en servicios, donde la satisfacci\u00f3n del usuario es un valor clave y distintivo. La Ingenier\u00eda de Servicios se centra en la concepci\u00f3n, dise\u00f1o, construcci\u00f3n, operaci\u00f3n, mantenimiento y gesti\u00f3n de servicios durante [&hellip;]<\/p>\n","protected":false},"author":1,"featured_media":0,"parent":0,"menu_order":0,"comment_status":"closed","ping_status":"closed","template":"","meta":{"_eb_attr":"","site-sidebar-layout":"no-sidebar","site-content-layout":"page-builder","ast-site-content-layout":"default","site-content-style":"default","site-sidebar-style":"default","ast-global-header-display":"","ast-banner-title-visibility":"","ast-main-header-display":"","ast-hfb-above-header-display":"","ast-hfb-below-header-display":"","ast-hfb-mobile-header-display":"","site-post-title":"disabled","ast-breadcrumbs-content":"","ast-featured-img":"disabled","footer-sml-layout":"","ast-disable-related-posts":"","theme-transparent-header-meta":"","adv-header-id-meta":"","stick-header-meta":"","header-above-stick-meta":"","header-main-stick-meta":"","header-below-stick-meta":"","astra-migrate-meta-layouts":"default","ast-page-background-enabled":"default","ast-page-background-meta":{"desktop":{"background-color":"var(--ast-global-color-4)","background-image":"","background-repeat":"repeat","background-position":"center center","background-size":"auto","background-attachment":"scroll","background-type":"","background-media":"","overlay-type":"","overlay-color":"","overlay-opacity":"","overlay-gradient":""},"tablet":{"background-color":"","background-image":"","background-repeat":"repeat","background-position":"center center","background-size":"auto","background-attachment":"scroll","background-type":"","background-media":"","overlay-type":"","overlay-color":"","overlay-opacity":"","overlay-gradient":""},"mobile":{"background-color":"","background-image":"","background-repeat":"repeat","background-position":"center center","background-size":"auto","background-attachment":"scroll","background-type":"","background-media":"","overlay-type":"","overlay-color":"","overlay-opacity":"","overlay-gradient":""}},"ast-content-background-meta":{"desktop":{"background-color":"var(--ast-global-color-5)","background-image":"","background-repeat":"repeat","background-position":"center center","background-size":"auto","background-attachment":"scroll","background-type":"","background-media":"","overlay-type":"","overlay-color":"","overlay-opacity":"","overlay-gradient":""},"tablet":{"background-color":"var(--ast-global-color-5)","background-image":"","background-repeat":"repeat","background-position":"center center","background-size":"auto","background-attachment":"scroll","background-type":"","background-media":"","overlay-type":"","overlay-color":"","overlay-opacity":"","overlay-gradient":""},"mobile":{"background-color":"var(--ast-global-color-5)","background-image":"","background-repeat":"repeat","background-position":"center center","background-size":"auto","background-attachment":"scroll","background-type":"","background-media":"","overlay-type":"","overlay-color":"","overlay-opacity":"","overlay-gradient":""}},"footnotes":""},"class_list":["post-1571","page","type-page","status-publish","hentry"],"_links":{"self":[{"href":"https:\/\/ingenieriadeservicios.es\/index.php\/wp-json\/wp\/v2\/pages\/1571","targetHints":{"allow":["GET"]}}],"collection":[{"href":"https:\/\/ingenieriadeservicios.es\/index.php\/wp-json\/wp\/v2\/pages"}],"about":[{"href":"https:\/\/ingenieriadeservicios.es\/index.php\/wp-json\/wp\/v2\/types\/page"}],"author":[{"embeddable":true,"href":"https:\/\/ingenieriadeservicios.es\/index.php\/wp-json\/wp\/v2\/users\/1"}],"replies":[{"embeddable":true,"href":"https:\/\/ingenieriadeservicios.es\/index.php\/wp-json\/wp\/v2\/comments?post=1571"}],"version-history":[{"count":114,"href":"https:\/\/ingenieriadeservicios.es\/index.php\/wp-json\/wp\/v2\/pages\/1571\/revisions"}],"predecessor-version":[{"id":3025,"href":"https:\/\/ingenieriadeservicios.es\/index.php\/wp-json\/wp\/v2\/pages\/1571\/revisions\/3025"}],"wp:attachment":[{"href":"https:\/\/ingenieriadeservicios.es\/index.php\/wp-json\/wp\/v2\/media?parent=1571"}],"curies":[{"name":"wp","href":"https:\/\/api.w.org\/{rel}","templated":true}]}}