{"id":1565,"date":"2023-04-17T10:33:23","date_gmt":"2023-04-17T08:33:23","guid":{"rendered":"https:\/\/ingenieriadeservicios.es\/?page_id=1565"},"modified":"2023-07-06T10:17:39","modified_gmt":"2023-07-06T08:17:39","slug":"mooc-ingenieria-de-servicios","status":"publish","type":"page","link":"https:\/\/ingenieriadeservicios.es\/index.php\/mooc-ingenieria-de-servicios\/","title":{"rendered":"MOOC &#8211; Ingenier\u00eda de Servicios"},"content":{"rendered":"\t\t<div data-elementor-type=\"wp-page\" data-elementor-id=\"1565\" class=\"elementor elementor-1565\" data-elementor-post-type=\"page\">\n\t\t\t\t<div class=\"elementor-element elementor-element-6955f02a e-flex e-con-boxed e-con e-parent\" data-id=\"6955f02a\" data-element_type=\"container\" data-e-type=\"container\" data-settings=\"{&quot;background_background&quot;:&quot;classic&quot;}\">\n\t\t\t\t\t<div class=\"e-con-inner\">\n\t\t\t\t<div class=\"elementor-element elementor-element-b193445 elementor-widget elementor-widget-heading\" data-id=\"b193445\" data-element_type=\"widget\" data-e-type=\"widget\" data-widget_type=\"heading.default\">\n\t\t\t\t<div class=\"elementor-widget-container\">\n\t\t\t\t\t<h2 class=\"elementor-heading-title elementor-size-default\">&nbsp;<\/h2>\t\t\t\t<\/div>\n\t\t\t\t<\/div>\n\t\t\t\t\t<\/div>\n\t\t\t\t<\/div>\n\t\t<div class=\"elementor-element elementor-element-4ad5a6d e-flex e-con-boxed e-con e-parent\" data-id=\"4ad5a6d\" data-element_type=\"container\" data-e-type=\"container\" data-settings=\"{&quot;background_background&quot;:&quot;classic&quot;}\">\n\t\t\t\t\t<div class=\"e-con-inner\">\n\t\t<div class=\"elementor-element elementor-element-1906c2e e-con-full e-flex e-con e-parent\" data-id=\"1906c2e\" data-element_type=\"container\" data-e-type=\"container\">\n\t\t\t\t<div class=\"elementor-element elementor-element-25c11ce elementor-hidden-mobile elementor-widget elementor-widget-image\" data-id=\"25c11ce\" data-element_type=\"widget\" data-e-type=\"widget\" data-widget_type=\"image.default\">\n\t\t\t\t<div class=\"elementor-widget-container\">\n\t\t\t\t\t\t\t\t\t\t\t\t\t\t\t<img fetchpriority=\"high\" decoding=\"async\" width=\"834\" height=\"426\" src=\"https:\/\/ingenieriadeservicios.es\/wp-content\/uploads\/2018\/09\/mooc-1.jpg\" class=\"attachment-2048x2048 size-2048x2048 wp-image-238\" alt=\"mooc\" srcset=\"https:\/\/ingenieriadeservicios.es\/wp-content\/uploads\/2018\/09\/mooc-1.jpg 834w, https:\/\/ingenieriadeservicios.es\/wp-content\/uploads\/2018\/09\/mooc-1-300x153.jpg 300w, https:\/\/ingenieriadeservicios.es\/wp-content\/uploads\/2018\/09\/mooc-1-768x392.jpg 768w\" sizes=\"(max-width: 834px) 100vw, 834px\" \/>\t\t\t\t\t\t\t\t\t\t\t\t\t\t\t<\/div>\n\t\t\t\t<\/div>\n\t\t\t\t<\/div>\n\t\t<div class=\"elementor-element elementor-element-86bcad7 e-con-full e-flex e-con e-parent\" data-id=\"86bcad7\" data-element_type=\"container\" data-e-type=\"container\">\n\t\t\t\t<div class=\"elementor-element elementor-element-9361086 elementor-hidden-mobile elementor-widget elementor-widget-heading\" data-id=\"9361086\" data-element_type=\"widget\" data-e-type=\"widget\" data-widget_type=\"heading.default\">\n\t\t\t\t<div class=\"elementor-widget-container\">\n\t\t\t\t\t<h2 class=\"elementor-heading-title elementor-size-default\"><strong>MOOC<\/strong> EN \u00daNICA FORMACI\u00d3N TODAV\u00cdA DESCONOCIDA<\/h2>\t\t\t\t<\/div>\n\t\t\t\t<\/div>\n\t\t\t\t<\/div>\n\t\t\t\t\t<\/div>\n\t\t\t\t<\/div>\n\t\t<div class=\"elementor-element elementor-element-ef30eab e-flex e-con-boxed e-con e-parent\" data-id=\"ef30eab\" data-element_type=\"container\" data-e-type=\"container\" data-settings=\"{&quot;background_background&quot;:&quot;classic&quot;}\">\n\t\t\t\t\t<div class=\"e-con-inner\">\n\t\t\t\t<div class=\"elementor-element elementor-element-e654f31 elementor-widget__width-auto elementor-widget elementor-widget-accordion\" data-id=\"e654f31\" data-element_type=\"widget\" data-e-type=\"widget\" data-widget_type=\"accordion.default\">\n\t\t\t\t<div class=\"elementor-widget-container\">\n\t\t\t\t\t\t\t<div class=\"elementor-accordion\">\n\t\t\t\t\t\t\t<div class=\"elementor-accordion-item\">\n\t\t\t\t\t<h1 id=\"elementor-tab-title-2411\" class=\"elementor-tab-title\" data-tab=\"1\" role=\"button\" aria-controls=\"elementor-tab-content-2411\" aria-expanded=\"false\">\n\t\t\t\t\t\t\t\t\t\t\t\t<a class=\"elementor-accordion-title\" tabindex=\"0\">Presentaci\u00f3n y descripci\u00f3n del curso<\/a>\n\t\t\t\t\t<\/h1>\n\t\t\t\t\t<div id=\"elementor-tab-content-2411\" class=\"elementor-tab-content elementor-clearfix\" data-tab=\"1\" role=\"region\" aria-labelledby=\"elementor-tab-title-2411\">\n\n\n\n<!DOCTYPE html>\n<html>\n<head>\n  <title>Two-Column Layout<\/title>\n  <style>\n    .column {\n      display: inline-block;\n      width: 49%; \/* Adjust the width as needed *\/\n      vertical-align: top;\n    }\n  <\/style>\n<\/head>\n<body>\n  <div class=\"vc_row wpb_row vc_inner vc_row-fluid vc_column-gap-30\">\n    <div class=\"column\">\n      <div class=\"wpb_column vc_column_container vc_col-sm-6\">\n       <strong>\u00bfQu\u00e9 es un Ingeniero de Servicios?<\/strong>\nTurismo, inform\u00e1tica, facilities, banca, consultor\u00eda, marketing, formaci\u00f3n\u2026 Todas estas profesiones tienen algo en com\u00fan: su negocio es el servicio. El sector servicios representa entre el 70 y 80% del PIB de la econom\u00eda y es el sector con mayores tasas de empleo. por ello, las empresas demandan profesionales adaptados a esa nueva realidad.\n\nPero,\u00a0<strong>\u00bfqu\u00e9 es un profesional de servicios?<\/strong>\nSi trabajas en una empresa de servicios, o quieres trabajar en este sector, y te gustar\u00eda descubrir las claves de la profesi\u00f3n, \u00a1este es tu curso! Este curso interdisciplinar tiene como objetivo introducirte a una nueva disciplina cuyo fin es mejorar la profesionalizaci\u00f3n de las empresas de servicios, aumentando as\u00ed la calidad y la productividad de este sector clave para la econom\u00eda.\n\nEl curso cuenta con la colaboraci\u00f3n de tres empresas destacadas de diferentes sectores: EULEN (Facility Services), IBM (Servicios IT) y MELIA Hotel International (Turismo), y los contenidos est\u00e1n vinculados con la investigaci\u00f3n del equipo docente.\n      <\/div>\n    <\/div>\n    <div class=\"column\">\n      <div class=\"wpb_column vc_column_container vc_col-sm-6\">\n        <div style=\"width: 600px; height: 281px; overflow: hidden;\"><iframe src=\"https:\/\/www.youtube.com\/embed\/n5-UaevH-Gg\" width=\"600\" height=\"281\" frameborder=\"0\" allowfullscreen=\"allowfullscreen\">\n<\/iframe><\/div>\n      <\/div>\n    <\/div>\n  <\/div>\n<\/body>\n<\/html>\n<\/div>\n\t\t\t\t<\/div>\n\t\t\t\t\t\t\t<div class=\"elementor-accordion-item\">\n\t\t\t\t\t<h1 id=\"elementor-tab-title-2412\" class=\"elementor-tab-title\" data-tab=\"2\" role=\"button\" aria-controls=\"elementor-tab-content-2412\" aria-expanded=\"false\">\n\t\t\t\t\t\t\t\t\t\t\t\t<a class=\"elementor-accordion-title\" tabindex=\"0\">M\u00c1S INFORMACI\u00d3N<\/a>\n\t\t\t\t\t<\/h1>\n\t\t\t\t\t<div id=\"elementor-tab-content-2412\" class=\"elementor-tab-content elementor-clearfix\" data-tab=\"2\" role=\"region\" aria-labelledby=\"elementor-tab-title-2412\">Puedes obtener m\u00e1s informaci\u00f3n en el siguiente enlace:\u00a0<a href=\"https:\/\/miriadax.net\/web\/ingenieria-de-servicios-curso-7-edicion\/inicio\" target=\"_blank\" rel=\"noopener\">Saber m\u00e1s<\/a><\/div>\n\t\t\t\t<\/div>\n\t\t\t\t\t\t\t\t<\/div>\n\t\t\t\t\t\t<\/div>\n\t\t\t\t<\/div>\n\t\t\t\t\t<\/div>\n\t\t\t\t<\/div>\n\t\t\t\t<\/div>\n\t\t","protected":false},"excerpt":{"rendered":"<p>&nbsp; MOOC EN \u00daNICA FORMACI\u00d3N TODAV\u00cdA DESCONOCIDA Presentaci\u00f3n y descripci\u00f3n del curso Two-Column Layout \u00bfQu\u00e9 es un Ingeniero de Servicios? Turismo, inform\u00e1tica, facilities, banca, consultor\u00eda, marketing, formaci\u00f3n\u2026 Todas estas profesiones tienen algo en com\u00fan: su negocio es el servicio. El sector servicios representa entre el 70 y 80% del PIB de la econom\u00eda y es [&hellip;]<\/p>\n","protected":false},"author":1,"featured_media":0,"parent":0,"menu_order":0,"comment_status":"closed","ping_status":"closed","template":"","meta":{"_eb_attr":"","site-sidebar-layout":"no-sidebar","site-content-layout":"page-builder","ast-site-content-layout":"default","site-content-style":"default","site-sidebar-style":"default","ast-global-header-display":"","ast-banner-title-visibility":"","ast-main-header-display":"","ast-hfb-above-header-display":"","ast-hfb-below-header-display":"","ast-hfb-mobile-header-display":"","site-post-title":"disabled","ast-breadcrumbs-content":"","ast-featured-img":"disabled","footer-sml-layout":"","ast-disable-related-posts":"","theme-transparent-header-meta":"","adv-header-id-meta":"","stick-header-meta":"","header-above-stick-meta":"","header-main-stick-meta":"","header-below-stick-meta":"","astra-migrate-meta-layouts":"default","ast-page-background-enabled":"default","ast-page-background-meta":{"desktop":{"background-color":"var(--ast-global-color-4)","background-image":"","background-repeat":"repeat","background-position":"center center","background-size":"auto","background-attachment":"scroll","background-type":"","background-media":"","overlay-type":"","overlay-color":"","overlay-opacity":"","overlay-gradient":""},"tablet":{"background-color":"","background-image":"","background-repeat":"repeat","background-position":"center center","background-size":"auto","background-attachment":"scroll","background-type":"","background-media":"","overlay-type":"","overlay-color":"","overlay-opacity":"","overlay-gradient":""},"mobile":{"background-color":"","background-image":"","background-repeat":"repeat","background-position":"center center","background-size":"auto","background-attachment":"scroll","background-type":"","background-media":"","overlay-type":"","overlay-color":"","overlay-opacity":"","overlay-gradient":""}},"ast-content-background-meta":{"desktop":{"background-color":"var(--ast-global-color-5)","background-image":"","background-repeat":"repeat","background-position":"center center","background-size":"auto","background-attachment":"scroll","background-type":"","background-media":"","overlay-type":"","overlay-color":"","overlay-opacity":"","overlay-gradient":""},"tablet":{"background-color":"var(--ast-global-color-5)","background-image":"","background-repeat":"repeat","background-position":"center center","background-size":"auto","background-attachment":"scroll","background-type":"","background-media":"","overlay-type":"","overlay-color":"","overlay-opacity":"","overlay-gradient":""},"mobile":{"background-color":"var(--ast-global-color-5)","background-image":"","background-repeat":"repeat","background-position":"center center","background-size":"auto","background-attachment":"scroll","background-type":"","background-media":"","overlay-type":"","overlay-color":"","overlay-opacity":"","overlay-gradient":""}},"footnotes":""},"class_list":["post-1565","page","type-page","status-publish","hentry"],"_links":{"self":[{"href":"https:\/\/ingenieriadeservicios.es\/index.php\/wp-json\/wp\/v2\/pages\/1565","targetHints":{"allow":["GET"]}}],"collection":[{"href":"https:\/\/ingenieriadeservicios.es\/index.php\/wp-json\/wp\/v2\/pages"}],"about":[{"href":"https:\/\/ingenieriadeservicios.es\/index.php\/wp-json\/wp\/v2\/types\/page"}],"author":[{"embeddable":true,"href":"https:\/\/ingenieriadeservicios.es\/index.php\/wp-json\/wp\/v2\/users\/1"}],"replies":[{"embeddable":true,"href":"https:\/\/ingenieriadeservicios.es\/index.php\/wp-json\/wp\/v2\/comments?post=1565"}],"version-history":[{"count":31,"href":"https:\/\/ingenieriadeservicios.es\/index.php\/wp-json\/wp\/v2\/pages\/1565\/revisions"}],"predecessor-version":[{"id":2831,"href":"https:\/\/ingenieriadeservicios.es\/index.php\/wp-json\/wp\/v2\/pages\/1565\/revisions\/2831"}],"wp:attachment":[{"href":"https:\/\/ingenieriadeservicios.es\/index.php\/wp-json\/wp\/v2\/media?parent=1565"}],"curies":[{"name":"wp","href":"https:\/\/api.w.org\/{rel}","templated":true}]}}