{"id":1562,"date":"2023-04-17T10:32:34","date_gmt":"2023-04-17T08:32:34","guid":{"rendered":"https:\/\/ingenieriadeservicios.es\/?page_id=1562"},"modified":"2023-07-10T18:37:57","modified_gmt":"2023-07-10T16:37:57","slug":"master-ingenieria-de-servicios","status":"publish","type":"page","link":"https:\/\/ingenieriadeservicios.es\/index.php\/master-ingenieria-de-servicios\/","title":{"rendered":"Master Ingenier\u00eda de Servicios"},"content":{"rendered":"\t\t<div data-elementor-type=\"wp-page\" data-elementor-id=\"1562\" class=\"elementor elementor-1562\" data-elementor-post-type=\"page\">\n\t\t\t\t<div class=\"elementor-element elementor-element-12405984 e-flex e-con-boxed e-con e-parent\" data-id=\"12405984\" data-element_type=\"container\" data-e-type=\"container\" data-settings=\"{&quot;background_background&quot;:&quot;classic&quot;}\">\n\t\t\t\t\t<div class=\"e-con-inner\">\n\t\t\t\t<div class=\"elementor-element elementor-element-54408ab0 elementor-widget elementor-widget-heading\" data-id=\"54408ab0\" data-element_type=\"widget\" data-e-type=\"widget\" data-widget_type=\"heading.default\">\n\t\t\t\t<div class=\"elementor-widget-container\">\n\t\t\t\t\t<h2 class=\"elementor-heading-title elementor-size-default\">&nbsp;<\/h2>\t\t\t\t<\/div>\n\t\t\t\t<\/div>\n\t\t\t\t\t<\/div>\n\t\t\t\t<\/div>\n\t\t<div class=\"elementor-element elementor-element-a9b8c0e e-flex e-con-boxed e-con e-parent\" data-id=\"a9b8c0e\" data-element_type=\"container\" data-e-type=\"container\" data-settings=\"{&quot;background_background&quot;:&quot;classic&quot;}\">\n\t\t\t\t\t<div class=\"e-con-inner\">\n\t\t<div class=\"elementor-element elementor-element-9fd8369 e-con-full e-flex e-con e-parent\" data-id=\"9fd8369\" data-element_type=\"container\" data-e-type=\"container\">\n\t\t\t\t<div class=\"elementor-element elementor-element-d44857c elementor-hidden-mobile elementor-widget elementor-widget-image\" data-id=\"d44857c\" data-element_type=\"widget\" data-e-type=\"widget\" data-widget_type=\"image.default\">\n\t\t\t\t<div class=\"elementor-widget-container\">\n\t\t\t\t\t\t\t\t\t\t\t\t\t\t\t<img decoding=\"async\" src=\"https:\/\/ingenieriadeservicios.es\/wp-content\/uploads\/elementor\/thumbs\/hermosa-mujer-independiente-rizada-linda-manicura-usando-laptop-sonriendo-retrato-interior-secretaria-rubia-sentada-junto-companero-trabajo-africano-camisa-azul-scaled-q97ssz3t9ov1mm0ji3k4ddgusqnh50sjtwxjg4gqo0.jpg\" title=\"Beautiful curly female freelancer with cute manicure using laptop and smiling. Indoor portrait of blonde secretary sitting beside african coworker in blue shirt..\" alt=\"Beautiful curly female freelancer with cute manicure using laptop and smiling. Indoor portrait of blonde secretary sitting beside african coworker in blue shirt.\" loading=\"lazy\" \/>\t\t\t\t\t\t\t\t\t\t\t\t\t\t\t<\/div>\n\t\t\t\t<\/div>\n\t\t\t\t<\/div>\n\t\t<div class=\"elementor-element elementor-element-5c14062 e-con-full e-flex e-con e-parent\" data-id=\"5c14062\" data-element_type=\"container\" data-e-type=\"container\">\n\t\t\t\t<div class=\"elementor-element elementor-element-59a599a elementor-hidden-mobile elementor-widget elementor-widget-heading\" data-id=\"59a599a\" data-element_type=\"widget\" data-e-type=\"widget\" data-widget_type=\"heading.default\">\n\t\t\t\t<div class=\"elementor-widget-container\">\n\t\t\t\t\t<h2 class=\"elementor-heading-title elementor-size-default\"><strong>MASTER<\/strong> EN CIENCIA, GESTI\u00d3N E INGENIER\u00cdA DE SERVICIOS<\/h2>\t\t\t\t<\/div>\n\t\t\t\t<\/div>\n\t\t\t\t<\/div>\n\t\t\t\t\t<\/div>\n\t\t\t\t<\/div>\n\t\t<div class=\"elementor-element elementor-element-a16ecf8 e-flex e-con-boxed e-con e-parent\" data-id=\"a16ecf8\" data-element_type=\"container\" data-e-type=\"container\" data-settings=\"{&quot;background_background&quot;:&quot;classic&quot;}\">\n\t\t\t\t\t<div class=\"e-con-inner\">\n\t\t\t\t<div class=\"elementor-element elementor-element-6529c8c elementor-widget__width-auto elementor-widget elementor-widget-accordion\" data-id=\"6529c8c\" data-element_type=\"widget\" data-e-type=\"widget\" data-widget_type=\"accordion.default\">\n\t\t\t\t<div class=\"elementor-widget-container\">\n\t\t\t\t\t\t\t<div class=\"elementor-accordion\">\n\t\t\t\t\t\t\t<div class=\"elementor-accordion-item\">\n\t\t\t\t\t<h1 id=\"elementor-tab-title-1061\" class=\"elementor-tab-title\" data-tab=\"1\" role=\"button\" aria-controls=\"elementor-tab-content-1061\" aria-expanded=\"false\">\n\t\t\t\t\t\t\t\t\t\t\t\t<a class=\"elementor-accordion-title\" tabindex=\"0\">\u00bfA QUI\u00c9N VA DIRIGIDO?<\/a>\n\t\t\t\t\t<\/h1>\n\t\t\t\t\t<div id=\"elementor-tab-content-1061\" class=\"elementor-tab-content elementor-clearfix\" data-tab=\"1\" role=\"region\" aria-labelledby=\"elementor-tab-title-1061\">Dirigido a futuros profesionales, cualificados para la producci\u00f3n y gesti\u00f3n de servicios durante todo el ciclo de vida, desde su concepci\u00f3n hasta la postventa. Los alumnos pueden ser:\n\n<strong>Alumnos de bachillerato<\/strong>, procedentes de cualquiera de las especialidades, preferiblemente, aunque no exclusivo, los que han cursado bachilleratos de:<br>\n<li>Ciencias y Tecnolog\u00eda<\/li>\n<li>Humanidades y Ciencias Sociales.<\/li>\n<br>\n<strong>Alumnos de Ciclos Formativos<\/strong>\u00a0de Grado Superior\n\n<strong>Profesionales del sector servicios<\/strong>\n\nValorable personas con creatividad y habilidades personales para el trabajo en equipo, comunicaci\u00f3n etc.<\/div>\n\t\t\t\t<\/div>\n\t\t\t\t\t\t\t<div class=\"elementor-accordion-item\">\n\t\t\t\t\t<h1 id=\"elementor-tab-title-1062\" class=\"elementor-tab-title\" data-tab=\"2\" role=\"button\" aria-controls=\"elementor-tab-content-1062\" aria-expanded=\"false\">\n\t\t\t\t\t\t\t\t\t\t\t\t<a class=\"elementor-accordion-title\" tabindex=\"0\">\u00bfQU\u00c9 ESTUDIAR\u00c1S?<\/a>\n\t\t\t\t\t<\/h1>\n\t\t\t\t\t<div id=\"elementor-tab-content-1062\" class=\"elementor-tab-content elementor-clearfix\" data-tab=\"2\" role=\"region\" aria-labelledby=\"elementor-tab-title-1062\"><div style=\"width: 600px; height: 281px; overflow: hidden;\"><iframe src=\"https:\/\/www.youtube.com\/embed\/PFH2gJXsi1A\" width=\"600\" height=\"281\" frameborder=\"0\" allowfullscreen=\"allowfullscreen\">\n<\/iframe><\/div><\/div>\n\t\t\t\t<\/div>\n\t\t\t\t\t\t\t<div class=\"elementor-accordion-item\">\n\t\t\t\t\t<h1 id=\"elementor-tab-title-1063\" class=\"elementor-tab-title\" data-tab=\"3\" role=\"button\" aria-controls=\"elementor-tab-content-1063\" aria-expanded=\"false\">\n\t\t\t\t\t\t\t\t\t\t\t\t<a class=\"elementor-accordion-title\" tabindex=\"0\">EQUIPO DOCENTE<\/a>\n\t\t\t\t\t<\/h1>\n\t\t\t\t\t<div id=\"elementor-tab-content-1063\" class=\"elementor-tab-content elementor-clearfix\" data-tab=\"3\" role=\"region\" aria-labelledby=\"elementor-tab-title-1063\"><p><strong>Profesorado interdisciplinar<\/strong>\u00a0con amplia experiencia y\u00a0<strong>colaboraci\u00f3n de empresas<\/strong>\u00a0con proyecci\u00f3n\u00a0\u00a0internacional en diferentes sectores (IBM, EULEN, Melia, BBVA, etc).<\/p><\/div>\n\t\t\t\t<\/div>\n\t\t\t\t\t\t\t<div class=\"elementor-accordion-item\">\n\t\t\t\t\t<h1 id=\"elementor-tab-title-1064\" class=\"elementor-tab-title\" data-tab=\"4\" role=\"button\" aria-controls=\"elementor-tab-content-1064\" aria-expanded=\"false\">\n\t\t\t\t\t\t\t\t\t\t\t\t<a class=\"elementor-accordion-title\" tabindex=\"0\">PLAN DE ESTUDIOS<\/a>\n\t\t\t\t\t<\/h1>\n\t\t\t\t\t<div id=\"elementor-tab-content-1064\" class=\"elementor-tab-content elementor-clearfix\" data-tab=\"4\" role=\"region\" aria-labelledby=\"elementor-tab-title-1064\"><div class=\"vc_row wpb_row vc_inner vc_row-fluid vc_column-gap-30\">\n<div class=\"column\">\n<div class=\"wpb_column vc_column_container vc_col-sm-6\">\n\n<strong>Primer curso<\/strong>\nESTUDIOS\n<ul>\n \t<li><strong>1. Semestre<\/strong><\/li>\n \t<li>Matem\u00e1ticas para la computaci\u00f3n y servicios<span class=\"right\">(6 ECTS)<\/span><\/li>\n \t<li>Introducci\u00f3n a la programaci\u00f3n<span class=\"right\">(6 ECTS)<\/span><\/li>\n \t<li>Arquitectura de Computadores<span class=\"right\">(3 ECTS)<\/span><\/li>\n \t<li>Teor\u00eda de Sistemas<span class=\"right\">(3 ECTS)<\/span><\/li>\n \t<li>Sociolog\u00eda de los servicios<span class=\"right\">(6 ECTS)<\/span><\/li>\n \t<li>Historia y Fundamentos de los Servicios<span class=\"right\">(6 ECTS)<\/span><\/li>\n<\/ul>\n<ul>\n \t<li><strong>2. Semestre<\/strong><\/li>\n \t<li>L\u00f3gica<span class=\"right\">(3 ECTS)<\/span><\/li>\n \t<li>Desarrollo de servicios<span class=\"right\">(6 ECTS)<\/span><\/li>\n \t<li>Inteligencia Emocional<span class=\"right\">(3 ECTS)<\/span><\/li>\n \t<li>Organizaci\u00f3n Empresarial<span class=\"right\">(6 ECTS)<\/span><\/li>\n \t<li>Sistemas Operativos y Redes<span class=\"right\">(6 ECTS)<\/span><\/li>\n \t<li>Aspectos \u00e9ticos, legislaci\u00f3n y profesi\u00f3n<span class=\"right\">(6 ECTS)<\/span><\/li>\n<\/ul>\n<strong>Tercer curso<\/strong>\nESTUDIOS\n<ul>\n \t<li><strong>1. Semestre<\/strong><\/li>\n \t<li>Sistemas de informaci\u00f3n empresarial<span class=\"right\">(6 ECTS)<\/span><\/li>\n \t<li>Ingenier\u00eda de servicios<span class=\"right\">(6 ECTS)<\/span><\/li>\n \t<li>Tecnolog\u00edas para la gesti\u00f3n de grandes vol\u00famenes de datos<span class=\"right\">(6 ECTS)<\/span><\/li>\n \t<li>Microeconom\u00eda<span class=\"right\">(3 ECTS)<\/span><\/li>\n \t<li>Direcci\u00f3n de Operaciones en Servicios<span class=\"right\">(3 ECTS)<\/span><\/li>\n \t<li>Direcci\u00f3n y gesti\u00f3n de proyectos<span class=\"right\">(3 ECTS)<\/span><\/li>\n \t<li>Liderazgo y trabajo en equipo<span class=\"right\">(3 ECTS)<\/span><\/li>\n<\/ul>\n<ul>\n \t<li><strong>2. Semestre<\/strong><\/li>\n \t<li>Ingenier\u00eda de Procesos de Negocio<span class=\"right\">(3 ECTS)<\/span><\/li>\n \t<li>Marketing de servicios<span class=\"right\">(6 ECTS)<\/span><\/li>\n \t<li>Gesti\u00f3n de servicios<span class=\"right\">(6 ECTS)<\/span><\/li>\n \t<li>Servicios M\u00f3viles y ubicuos<span class=\"right\">(3 ECTS)<\/span><\/li>\n \t<li>Interacci\u00f3n persona-ordenador y multimedia<span class=\"right\">(6 ECTS)<\/span><\/li>\n \t<li>Inteligencia y an\u00e1lisis de negocio<span class=\"right\">(3 ECTS)<\/span><\/li>\n \t<li>Econom\u00eda Financiera y Contabilidad<span class=\"right\">(3 ECTS)<\/span><\/li>\n<\/ul>\n<\/div>\n<\/div>\n<div class=\"column\">\n<div class=\"wpb_column vc_column_container vc_col-sm-6\"><strong>Segundo curso<\/strong>\nESTUDIOS\n<ul>\n \t<li><strong>1. Semestre<\/strong><\/li>\n \t<li>Ingl\u00e9s<span class=\"right\">(6 ECTS)<\/span><\/li>\n \t<li>Dise\u00f1o y mantenimiento de servicios<span class=\"right\">(3 ECTS)<\/span><\/li>\n \t<li>Bases de Datos<span class=\"right\">(6 ECTS)<\/span><\/li>\n \t<li>Estad\u00edstica<span class=\"right\">(6 ECTS)<\/span><\/li>\n \t<li>Derecho Privado<span class=\"right\">(6 ECTS)<\/span><\/li>\n \t<li>Habilidades de comunicaci\u00f3n<span class=\"right\">(6 ECTS)<\/span><\/li>\n<\/ul>\n<ul>\n \t<li><strong>2. Semestre<\/strong><\/li>\n \t<li>Arquitecturas de sistemas de informaci\u00f3n<span class=\"right\">(6 ECTS)<\/span><\/li>\n \t<li>Sistemas de informaci\u00f3n<span class=\"right\">(3 ECTS)<\/span><\/li>\n \t<li>Ingenier\u00eda del software<span class=\"right\">(3 ECTS)<\/span><\/li>\n \t<li>Investigaci\u00f3n operativa<span class=\"right\">(3 ECTS)<\/span><\/li>\n \t<li>Econom\u00eda en Ciencias de Servicios<span class=\"right\">(6 ECTS)<\/span><\/li>\n \t<li>Comunicaci\u00f3n empresarial<span class=\"right\">(6 ECTS)<\/span><\/li>\n<\/ul>\n<strong>Cuarto curso<\/strong>\nESTUDIOS\n<ul>\n \t<li><strong>1. Semestre<\/strong><\/li>\n \t<li>Direcci\u00f3n estrat\u00e9gica de empresa y consultor\u00eda de negocios orientada a servicios<span class=\"right\">(3 ECTS)<\/span><\/li>\n \t<li>Arquitecturas empresariales<span class=\"right\">(3 ECTS)<\/span><\/li>\n \t<li>Optativas. \u00c1reas de aplicaciones en Servicios<span class=\"right\">(3 ECTS)<\/span><\/li>\n<\/ul>\n<ul>\n \t<li><strong>2. Semestre<\/strong><\/li>\n \t<li>Iniciativa empresarial<span class=\"right\">(3 ECTS)<\/span><\/li>\n \t<li>Recursos humanos<span class=\"right\">(3 ECTS)<\/span><\/li>\n \t<li>Optativas. \u00c1reas de aplicaciones en Servicios<span class=\"right\">(3 ECTS)<\/span><\/li>\n<\/ul>\n<ul>\n \t<li><strong>Anual<\/strong><\/li>\n \t<li>Seminario de Ciencia e Ingenier\u00eda de Servicios<span class=\"right\">(6 ECTS)<\/span><\/li>\n \t<li>Proyecto fin de grado<span class=\"right\">(6 ECTS)<\/span><\/li>\n \t<li>Pr\u00e1cticas en empresas (<span class=\"right\">24 ECTS)<\/span><\/li>\n<\/ul>\n<\/div>\n<\/div>\n<\/div>\n&nbsp;<\/div>\n\t\t\t\t<\/div>\n\t\t\t\t\t\t\t<div class=\"elementor-accordion-item\">\n\t\t\t\t\t<h1 id=\"elementor-tab-title-1065\" class=\"elementor-tab-title\" data-tab=\"5\" role=\"button\" aria-controls=\"elementor-tab-content-1065\" aria-expanded=\"false\">\n\t\t\t\t\t\t\t\t\t\t\t\t<a class=\"elementor-accordion-title\" tabindex=\"0\">M\u00c1S INFORMACI\u00d3N<\/a>\n\t\t\t\t\t<\/h1>\n\t\t\t\t\t<div id=\"elementor-tab-content-1065\" class=\"elementor-tab-content elementor-clearfix\" data-tab=\"5\" role=\"region\" aria-labelledby=\"elementor-tab-title-1065\"><!DOCTYPE html>\n<html>\n<head>\n  <title>Two-Column Layout<\/title>\n  <style>\n    .column {\n      display: inline-block;\n      width: 49%; \/* Adjust the width as needed *\/\n      vertical-align: top;\n    }\n  <\/style>\n<\/head>\n<body>\n  <div class=\"vc_row wpb_row vc_inner vc_row-fluid vc_column-gap-30\">\n    <div class=\"column\">\n      <div class=\"wpb_column vc_column_container vc_col-sm-6\">\n       \n<div class=\"wpb_text_column wpb_content_element big\">\n<div class=\"wpb_wrapper\">\n\nImpartido en:<strong>\u00a0Plaza Manuel Becerra n\u00ba 14, 28028 Madrid<\/strong>\n\n<\/div>\n<\/div>\n<div class=\"wpb_text_column wpb_content_element \">\n<div class=\"wpb_wrapper\">\n<ul>\n \t<li><strong>En Metro:<\/strong>\u00a0Estaci\u00f3n Manuel Becerra L-6 y L-2<\/li>\n \t<li><strong>En autob\u00fas (EMT):<\/strong>\n<ul>\n \t<li>Calle Doctor Esquerdo: 12, 56, 143, 156, C2<\/li>\n \t<li>Calle Alcal\u00e1: 21, 38, 53, 106, 110, 146, 210<\/li>\n \t<li>Plaza Manuel Becerra: 2, 71, 106<\/li>\n<\/ul>\n<\/li>\n<\/ul>\nPara obtener m\u00e1s informaci\u00f3n haz clic <a href=\"https:\/\/www.urjc.es\/estudios\/grado\/624-ciencia-gestion-e-ingenieria-de-servicios\">aqu\u00ed<\/a>\n\n<\/div>\n<\/div>\n\n      <\/div>\n    <\/div>\n    <div class=\"column\">\n      <div class=\"wpb_column vc_column_container vc_col-sm-6\">\n       <iframe src=\"https:\/\/www.google.com\/maps\/embed?pb=!1m18!1m12!1m3!1d3037.136301092781!2d-3.669885349163147!3d40.427980679262525!2m3!1f0!2f0!3f0!3m2!1i1024!2i768!4f13.1!3m3!1m2!1s0xd4228b14244699b%3A0x783fa0b6a8e4f084!2sFundaci%C3%B3n+Universidad+Rey+Juan+Carlos!5e0!3m2!1ses!2ses!4v1544013807222\" width=\"100%\" height=\"300\" frameborder=\"0\" style=\"border:0\" allowfullscreen><\/iframe>\n      <\/div>\n    <\/div>\n  <\/div>\n<\/body>\n<\/html>\n\n<\/div>\n\t\t\t\t<\/div>\n\t\t\t\t\t\t\t<div class=\"elementor-accordion-item\">\n\t\t\t\t\t<h1 id=\"elementor-tab-title-1066\" class=\"elementor-tab-title\" data-tab=\"6\" role=\"button\" aria-controls=\"elementor-tab-content-1066\" aria-expanded=\"false\">\n\t\t\t\t\t\t\t\t\t\t\t\t<a class=\"elementor-accordion-title\" tabindex=\"0\">ADMISI\u00d3N<\/a>\n\t\t\t\t\t<\/h1>\n\t\t\t\t\t<div id=\"elementor-tab-content-1066\" class=\"elementor-tab-content elementor-clearfix\" data-tab=\"6\" role=\"region\" aria-labelledby=\"elementor-tab-title-1066\"><p>Puedes consultar toda la informaci\u00f3n relacionada con\u00a0<strong>Admisi\u00f3n<\/strong>\u00a0y\u00a0<strong>Matr\u00edculas<\/strong>\u00a0en el siguiente enlace:\u00a0<a href=\"http:\/\/www.urjc.es\/estudiar-en-la-urjc\/admision\" target=\"_blank\" rel=\"noopener\">Saber m\u00e1s<\/a><\/p><\/div>\n\t\t\t\t<\/div>\n\t\t\t\t\t\t\t\t<\/div>\n\t\t\t\t\t\t<\/div>\n\t\t\t\t<\/div>\n\t\t\t\t\t<\/div>\n\t\t\t\t<\/div>\n\t\t\t\t<\/div>\n\t\t","protected":false},"excerpt":{"rendered":"<p>&nbsp; MASTER EN CIENCIA, GESTI\u00d3N E INGENIER\u00cdA DE SERVICIOS \u00bfA QUI\u00c9N VA DIRIGIDO? Dirigido a futuros profesionales, cualificados para la producci\u00f3n y gesti\u00f3n de servicios durante todo el ciclo de vida, desde su concepci\u00f3n hasta la postventa. Los alumnos pueden ser: Alumnos de bachillerato, procedentes de cualquiera de las especialidades, preferiblemente, aunque no exclusivo, los [&hellip;]<\/p>\n","protected":false},"author":1,"featured_media":0,"parent":0,"menu_order":0,"comment_status":"closed","ping_status":"closed","template":"","meta":{"_eb_attr":"","site-sidebar-layout":"no-sidebar","site-content-layout":"page-builder","ast-site-content-layout":"default","site-content-style":"default","site-sidebar-style":"default","ast-global-header-display":"","ast-banner-title-visibility":"","ast-main-header-display":"","ast-hfb-above-header-display":"","ast-hfb-below-header-display":"","ast-hfb-mobile-header-display":"","site-post-title":"disabled","ast-breadcrumbs-content":"","ast-featured-img":"disabled","footer-sml-layout":"","ast-disable-related-posts":"","theme-transparent-header-meta":"","adv-header-id-meta":"","stick-header-meta":"","header-above-stick-meta":"","header-main-stick-meta":"","header-below-stick-meta":"","astra-migrate-meta-layouts":"default","ast-page-background-enabled":"default","ast-page-background-meta":{"desktop":{"background-color":"var(--ast-global-color-4)","background-image":"","background-repeat":"repeat","background-position":"center center","background-size":"auto","background-attachment":"scroll","background-type":"","background-media":"","overlay-type":"","overlay-color":"","overlay-opacity":"","overlay-gradient":""},"tablet":{"background-color":"","background-image":"","background-repeat":"repeat","background-position":"center center","background-size":"auto","background-attachment":"scroll","background-type":"","background-media":"","overlay-type":"","overlay-color":"","overlay-opacity":"","overlay-gradient":""},"mobile":{"background-color":"","background-image":"","background-repeat":"repeat","background-position":"center center","background-size":"auto","background-attachment":"scroll","background-type":"","background-media":"","overlay-type":"","overlay-color":"","overlay-opacity":"","overlay-gradient":""}},"ast-content-background-meta":{"desktop":{"background-color":"var(--ast-global-color-5)","background-image":"","background-repeat":"repeat","background-position":"center center","background-size":"auto","background-attachment":"scroll","background-type":"","background-media":"","overlay-type":"","overlay-color":"","overlay-opacity":"","overlay-gradient":""},"tablet":{"background-color":"var(--ast-global-color-5)","background-image":"","background-repeat":"repeat","background-position":"center center","background-size":"auto","background-attachment":"scroll","background-type":"","background-media":"","overlay-type":"","overlay-color":"","overlay-opacity":"","overlay-gradient":""},"mobile":{"background-color":"var(--ast-global-color-5)","background-image":"","background-repeat":"repeat","background-position":"center center","background-size":"auto","background-attachment":"scroll","background-type":"","background-media":"","overlay-type":"","overlay-color":"","overlay-opacity":"","overlay-gradient":""}},"footnotes":""},"class_list":["post-1562","page","type-page","status-publish","hentry"],"_links":{"self":[{"href":"https:\/\/ingenieriadeservicios.es\/index.php\/wp-json\/wp\/v2\/pages\/1562","targetHints":{"allow":["GET"]}}],"collection":[{"href":"https:\/\/ingenieriadeservicios.es\/index.php\/wp-json\/wp\/v2\/pages"}],"about":[{"href":"https:\/\/ingenieriadeservicios.es\/index.php\/wp-json\/wp\/v2\/types\/page"}],"author":[{"embeddable":true,"href":"https:\/\/ingenieriadeservicios.es\/index.php\/wp-json\/wp\/v2\/users\/1"}],"replies":[{"embeddable":true,"href":"https:\/\/ingenieriadeservicios.es\/index.php\/wp-json\/wp\/v2\/comments?post=1562"}],"version-history":[{"count":31,"href":"https:\/\/ingenieriadeservicios.es\/index.php\/wp-json\/wp\/v2\/pages\/1562\/revisions"}],"predecessor-version":[{"id":3087,"href":"https:\/\/ingenieriadeservicios.es\/index.php\/wp-json\/wp\/v2\/pages\/1562\/revisions\/3087"}],"wp:attachment":[{"href":"https:\/\/ingenieriadeservicios.es\/index.php\/wp-json\/wp\/v2\/media?parent=1562"}],"curies":[{"name":"wp","href":"https:\/\/api.w.org\/{rel}","templated":true}]}}